{"id":2,"date":"2024-03-20T19:11:19","date_gmt":"2024-03-20T18:11:19","guid":{"rendered":"https:\/\/operation-milliard.chevalvert.fr\/?page_id=2"},"modified":"2024-03-21T01:31:53","modified_gmt":"2024-03-21T00:31:53","slug":"le-manifeste","status":"publish","type":"page","link":"https:\/\/operation-milliard.chevalvert.fr\/","title":{"rendered":"Le manifeste"},"content":{"rendered":"\n<h2 class=\"wp-block-heading\">Nous sommes <strong>une force civile d\u2019action pour la transformation \u00e9cologique juste <\/strong>de l\u2019\u00e9conomie et nous avons pour objectif de<strong> r\u00e9unir un milliard d\u2019euros pour financer les organisations<\/strong> qui sont porteuses sur tous les territoires d\u2019innovation sociale et \u00e9cologique<strong>.<\/strong><br><br>Crise du capitalisme, la crise \u00e9cologique impose de transformer notre mod\u00e8le \u00e9conomique en r\u00e9inventant nos mani\u00e8res de <strong>produire, de consommer et de r\u00e9partir justement les richesses mat\u00e9rielles et immat\u00e9rielles <\/strong>pour cr\u00e9er des soci\u00e9t\u00e9s plus humaines et plus respectueuses du vivant. Intimement li\u00e9e \u00e0 la question de la r\u00e9partition de la richesse, notre transformation doit \u00eatre prise dans sa <strong>double dimension de r\u00e9duction des in\u00e9galit\u00e9s et de pr\u00e9servation des \u00e9cosyst\u00e8mes.<\/strong><\/h2>\n\n\n\n<blockquote class=\"wp-block-quote is-style-default has-base-color has-text-color has-link-color wp-elements-099b70fb1432b43bc93a57e9c94308f2 is-layout-flow wp-block-quote-is-layout-flow\">\n<p>Bonjour&nbsp;! Je suis un m\u00e9canicien qui aspire \u00e0 devenir acteur, et voici mon site. J\u2019habite \u00e0 Bordeaux, j\u2019ai un super chien baptis\u00e9 Russell, et j\u2019aime la vodka (ainsi qu\u2019\u00eatre surpris par la pluie soudaine lors de longues balades sur la plage au coucher du soleil).<\/p>\n<\/blockquote>\n\n\n\n<p>\u2026ou quelque chose comme cela&nbsp;:<\/p>\n\n\n\n<blockquote class=\"wp-block-quote is-layout-flow wp-block-quote-is-layout-flow\">\n<p class=\"has-base-color has-text-color has-link-color wp-elements-84e06eb35b1a7ea2b101750f1b0080c8\">La soci\u00e9t\u00e9 123 Machin Truc a \u00e9t\u00e9 cr\u00e9\u00e9e en 1971, et n\u2019a cess\u00e9 de proposer au public des machins-trucs de qualit\u00e9 depuis lors. Situ\u00e9e \u00e0 Saint-Remy-en-Bouzemont-Saint-Genest-et-Isson, 123 Machin Truc emploie 2 000 personnes, et fabrique toutes sortes de bidules supers pour la communaut\u00e9 bouzemontoise.<\/p>\n<\/blockquote>\n\n\n\n<p>En tant que nouvel utilisateur ou utilisatrice de WordPress, vous devriez vous rendre sur <a href=\"https:\/\/operation-milliard.chevalvert.fr\/wp-admin\/\">votre tableau de bord<\/a> pour supprimer cette page et cr\u00e9er de nouvelles pages pour votre contenu. Amusez-vous bien&nbsp;!<\/p>\n","protected":false},"excerpt":{"rendered":"<p>Nous sommes une force civile d\u2019action pour la transformation \u00e9cologique juste de l\u2019\u00e9conomie et nous avons pour objectif de r\u00e9unir un milliard d\u2019euros pour financer les organisations qui sont porteuses sur tous les territoires d\u2019innovation sociale et \u00e9cologique. Crise du capitalisme, la crise \u00e9cologique impose de transformer notre mod\u00e8le \u00e9conomique en r\u00e9inventant nos mani\u00e8res de [&hellip;]<\/p>\n","protected":false},"author":1,"featured_media":0,"parent":0,"menu_order":0,"comment_status":"closed","ping_status":"closed","template":"test","meta":{"footnotes":""},"class_list":["post-2","page","type-page","status-publish","hentry"],"_links":{"self":[{"href":"https:\/\/operation-milliard.chevalvert.fr\/index.php?rest_route=\/wp\/v2\/pages\/2","targetHints":{"allow":["GET"]}}],"collection":[{"href":"https:\/\/operation-milliard.chevalvert.fr\/index.php?rest_route=\/wp\/v2\/pages"}],"about":[{"href":"https:\/\/operation-milliard.chevalvert.fr\/index.php?rest_route=\/wp\/v2\/types\/page"}],"author":[{"embeddable":true,"href":"https:\/\/operation-milliard.chevalvert.fr\/index.php?rest_route=\/wp\/v2\/users\/1"}],"replies":[{"embeddable":true,"href":"https:\/\/operation-milliard.chevalvert.fr\/index.php?rest_route=%2Fwp%2Fv2%2Fcomments&post=2"}],"version-history":[{"count":3,"href":"https:\/\/operation-milliard.chevalvert.fr\/index.php?rest_route=\/wp\/v2\/pages\/2\/revisions"}],"predecessor-version":[{"id":110,"href":"https:\/\/operation-milliard.chevalvert.fr\/index.php?rest_route=\/wp\/v2\/pages\/2\/revisions\/110"}],"wp:attachment":[{"href":"https:\/\/operation-milliard.chevalvert.fr\/index.php?rest_route=%2Fwp%2Fv2%2Fmedia&parent=2"}],"curies":[{"name":"wp","href":"https:\/\/api.w.org\/{rel}","templated":true}]}}